{"id":18,"date":"2025-05-30T15:36:01","date_gmt":"2025-05-30T12:36:01","guid":{"rendered":"https:\/\/akyolsertmaden.com\/index.php\/contact\/"},"modified":"2025-06-02T15:57:01","modified_gmt":"2025-06-02T12:57:01","slug":"contact","status":"publish","type":"page","link":"https:\/\/akyolsertmaden.com\/index.php\/contact\/","title":{"rendered":"\u0130leti\u015fim"},"content":{"rendered":"\n<figure class=\"wp-block-image size-full\"><a href=\"https:\/\/akyolsertmaden.com\/wp-content\/uploads\/2025\/06\/cropped-AKYOL-SERT-MADEN-LOGO.png\"><img loading=\"lazy\" decoding=\"async\" width=\"313\" height=\"62\" src=\"https:\/\/akyolsertmaden.com\/wp-content\/uploads\/2025\/06\/cropped-AKYOL-SERT-MADEN-LOGO.png\" alt=\"\" class=\"wp-image-173\" srcset=\"https:\/\/akyolsertmaden.com\/wp-content\/uploads\/2025\/06\/cropped-AKYOL-SERT-MADEN-LOGO.png 313w, https:\/\/akyolsertmaden.com\/wp-content\/uploads\/2025\/06\/cropped-AKYOL-SERT-MADEN-LOGO-300x59.png 300w\" sizes=\"auto, (max-width: 313px) 100vw, 313px\" \/><\/a><\/figure>\n\n\n\n<p>\u0130OSB \u0130MSAN SANAY\u0130<\/p>\n\n\n\n<p>\u0130kitelli Cad. NO:21 S\u0130TES\u0130 E BLOK, 34303<\/p>\n\n\n\n<p>K\u00fc\u00e7\u00fck\u00e7ekmece\/\u0130stanbul<\/p>\n\n\n\n<p>Tel: 0 212 470 12 76<\/p>\n\n\n\n<iframe src=\"https:\/\/www.google.com\/maps\/embed?pb=!1m18!1m12!1m3!1d3008.3500216956454!2d28.78618667511917!3d41.06134101615729!2m3!1f0!2f0!3f0!3m2!1i1024!2i768!4f13.1!3m3!1m2!1s0x14caa452b753eaad%3A0x2b52388a7a073a0d!2sAKYOL%20SERT%20MADEN!5e0!3m2!1str!2str!4v1734093445100!5m2!1str!2str\" width=\"1200\" height=\"450\" style=\"border:0;\" allowfullscreen=\"\" loading=\"lazy\" referrerpolicy=\"no-referrer-when-downgrade\"><\/iframe>\n\n\n\n<p><\/p>\n","protected":false},"excerpt":{"rendered":"<p>\u0130OSB \u0130MSAN SANAY\u0130 \u0130kitelli Cad. NO:21 S\u0130TES\u0130 E BLOK, 34303 K\u00fc\u00e7\u00fck\u00e7ekmece\/\u0130stanbul Tel: 0 212 470 12 76<\/p>\n","protected":false},"author":1,"featured_media":0,"parent":0,"menu_order":0,"comment_status":"closed","ping_status":"closed","template":"","meta":{"footnotes":""},"class_list":["post-18","page","type-page","status-publish","hentry"],"_links":{"self":[{"href":"https:\/\/akyolsertmaden.com\/index.php\/wp-json\/wp\/v2\/pages\/18","targetHints":{"allow":["GET"]}}],"collection":[{"href":"https:\/\/akyolsertmaden.com\/index.php\/wp-json\/wp\/v2\/pages"}],"about":[{"href":"https:\/\/akyolsertmaden.com\/index.php\/wp-json\/wp\/v2\/types\/page"}],"author":[{"embeddable":true,"href":"https:\/\/akyolsertmaden.com\/index.php\/wp-json\/wp\/v2\/users\/1"}],"replies":[{"embeddable":true,"href":"https:\/\/akyolsertmaden.com\/index.php\/wp-json\/wp\/v2\/comments?post=18"}],"version-history":[{"count":5,"href":"https:\/\/akyolsertmaden.com\/index.php\/wp-json\/wp\/v2\/pages\/18\/revisions"}],"predecessor-version":[{"id":224,"href":"https:\/\/akyolsertmaden.com\/index.php\/wp-json\/wp\/v2\/pages\/18\/revisions\/224"}],"wp:attachment":[{"href":"https:\/\/akyolsertmaden.com\/index.php\/wp-json\/wp\/v2\/media?parent=18"}],"curies":[{"name":"wp","href":"https:\/\/api.w.org\/{rel}","templated":true}]}}